{"id":61830,"date":"2026-02-27T14:31:40","date_gmt":"2026-02-27T13:31:40","guid":{"rendered":"https:\/\/pimot.lukasiewicz.gov.pl\/recipes\/"},"modified":"2026-04-24T12:46:05","modified_gmt":"2026-04-24T10:46:05","slug":"recipes","status":"publish","type":"page","link":"https:\/\/pimot.lukasiewicz.gov.pl\/en\/recipes\/","title":{"rendered":"Recipes"},"content":{"rendered":"\t\t<div data-elementor-type=\"wp-page\" data-elementor-id=\"61830\" class=\"elementor elementor-61830 elementor-58855\" data-elementor-post-type=\"page\">\n\t\t\t\t\t\t<section class=\"elementor-section elementor-top-section elementor-element elementor-element-86d5f42 elementor-section-boxed elementor-section-height-default elementor-section-height-default\" data-id=\"86d5f42\" data-element_type=\"section\" data-e-type=\"section\">\n\t\t\t\t\t\t<div class=\"elementor-container elementor-column-gap-default\">\n\t\t\t\t\t<div class=\"elementor-column elementor-col-100 elementor-top-column elementor-element elementor-element-1d2f897\" data-id=\"1d2f897\" data-element_type=\"column\" data-e-type=\"column\" data-settings=\"{&quot;background_background&quot;:&quot;classic&quot;}\">\n\t\t\t<div class=\"elementor-widget-wrap elementor-element-populated\">\n\t\t\t\t\t\t<div class=\"elementor-element elementor-element-bbbd046 elementor-widget__width-inherit elementor-widget elementor-widget-heading\" data-id=\"bbbd046\" data-element_type=\"widget\" data-e-type=\"widget\" data-widget_type=\"heading.default\">\n\t\t\t\t<div class=\"elementor-widget-container\">\n\t\t\t\t\t<h1 class=\"elementor-heading-title elementor-size-default\">Regulations<\/h1>\t\t\t\t<\/div>\n\t\t\t\t<\/div>\n\t\t\t\t\t<\/div>\n\t\t<\/div>\n\t\t\t\t\t<\/div>\n\t\t<\/section>\n\t\t<div class=\"elementor-element elementor-element-48651cf e-flex e-con-boxed e-con e-parent\" data-id=\"48651cf\" data-element_type=\"container\" data-e-type=\"container\">\n\t\t\t\t\t<div class=\"e-con-inner\">\n\t\t\t\t<div class=\"elementor-element elementor-element-33efebb elementor-widget elementor-widget-shortcode\" data-id=\"33efebb\" data-element_type=\"widget\" data-e-type=\"widget\" data-widget_type=\"shortcode.default\">\n\t\t\t\t<div class=\"elementor-widget-container\">\n\t\t\t\t\t\t\t<div class=\"elementor-shortcode\"><div class=\"custom-post-loop__filters\"><a href=\"?kategoria=\" class=\"custom-post-loop__filter-btn cplf-btn-all-filter active\">All posts<\/a><a href=\"?kategoria=badania-w-zakresie-opracowania-danych-do-modelowania-dynamiki-pojazdow\" class=\"custom-post-loop__filter-btn cplf-btn-1 \">Badania w zakresie opracowania danych do modelowania dynamiki pojazd\u00f3w<\/a><a href=\"?kategoria=certyfikacja\" class=\"custom-post-loop__filter-btn cplf-btn-2 \">CERTYFIKACJA<\/a><a href=\"?kategoria=normy\" class=\"custom-post-loop__filter-btn cplf-btn-3 \">NORMY<\/a><a href=\"?kategoria=regulaminy-onz\" class=\"custom-post-loop__filter-btn cplf-btn-4 \">REGULAMINY ONZ<\/a><a href=\"?kategoria=rozporzadzenia-krajowe\" class=\"custom-post-loop__filter-btn cplf-btn-5 \">ROZPORZ\u0104DZENIA KRAJOWE<\/a><a href=\"?kategoria=rozporzadzenia-unijne\" class=\"custom-post-loop__filter-btn cplf-btn-6 \">ROZPORZ\u0104DZENIA UNIJNE<\/a><a href=\"?kategoria=pojazdy-wyposazenie-i-czesci-pojazdow-kategorii-l\" class=\"custom-post-loop__filter-btn cplf-btn-7 \">ROZPORZ\u0104DZENIA UNIJNE - Pojazdy, wyposa\u017cenie i cz\u0119\u015bci pojazd\u00f3w kategorii L<\/a><a href=\"?kategoria=pojazdy-wyposazenie-i-czesci-pojazdow-kategorii-m-n-o\" class=\"custom-post-loop__filter-btn cplf-btn-8 \">ROZPORZ\u0104DZENIA UNIJNE - Pojazdy, wyposa\u017cenie i cz\u0119\u015bci pojazd\u00f3w kategorii M, N, O<\/a><a href=\"?kategoria=pojazdy-wyposazenie-i-czesci-pojazdow-kategorii-t-r-s\" class=\"custom-post-loop__filter-btn cplf-btn-9 \">ROZPORZ\u0104DZENIA UNIJNE - Pojazdy, wyposa\u017cenie i cz\u0119\u015bci pojazd\u00f3w kategorii T, R, S<\/a><a href=\"?kategoria=zakres-dzialalnosci-laboratoryjnej-zespolu-laboratoriow\" class=\"custom-post-loop__filter-btn cplf-btn-10 \">Zakres dzia\u0142alno\u015bci laboratoryjnej Zespo\u0142u Laboratori\u00f3w<\/a><\/div><div class=\"custom-post-loop__posts\"><article class=\"custom-post-loop__post\"><div class=\"custom-post-loop__inner\"><div class=\"custom-post-loop__content\"><h2 class=\"custom-post-loop__title\">Zakres dzia\u0142alno\u015bci laboratoryjnej Zespo\u0142u Laboratori\u00f3w (BLB, BLE, BLP, BLY, BLN), dla kt\u00f3rej spe\u0142nione s\u0105 wymagania normy PN-EN ISO\/IEC 17025:2018-02.<\/h2><div class=\"custom-post-loop__excerpt\">Dzia\u0142alno\u015b\u0107 akredytowana zgodnie z zakresem akredytacji PCA nr AB 082 (link) i OiB nr 23\/MON\/2024 (link)...<\/div><a class=\"custom-post-loop__link\" href=\"https:\/\/pimot.lukasiewicz.gov.pl\/en\/przepisy\/zakres-dzialalnosci-laboratoryjnej-zespolu-laboratoriow-blb-ble-blp-bly-bln-dla-ktorej-spelnione-sa-wymagania-normy-pn-en-iso-iec-170252018-02\/\">Read more<\/a><\/div><\/div><\/article><article class=\"custom-post-loop__post\"><div class=\"custom-post-loop__inner\"><div class=\"custom-post-loop__content\"><h2 class=\"custom-post-loop__title\">Badania w zakresie opracowania danych do modelowania dynamiki pojazd\u00f3w<\/h2><div class=\"custom-post-loop__excerpt\">Jedn\u0105 z metod badania w\u0142a\u015bciwo\u015bci dynamicznych pojazdu jest przeprowadzenie bada\u0144 z wykorzystaniem rzeczywistego obiektu. W wielu przypadkach wykonanie takiego eksperymentu na poje\u017adzie jest niemo\u017cliwe ze wzgl\u0119d\u00f3w technologicznych lub kosztowych. Alternatyw\u0119 stanowi\u0105 badania numeryczne. Modele stosowane do symulacji komputerowej zawieraj\u0105 szereg uproszcze\u0144, kt\u00f3re maj\u0105 decyduj\u0105cy wp\u0142yw na jako\u015b\u0107 uzyskiwanych wynik\u00f3w. Aby\u2026<\/div><a class=\"custom-post-loop__link\" href=\"https:\/\/pimot.lukasiewicz.gov.pl\/en\/przepisy\/59985-2\/\">Read more<\/a><\/div><\/div><\/article><article class=\"custom-post-loop__post\"><div class=\"custom-post-loop__inner\"><div class=\"custom-post-loop__content\"><h2 class=\"custom-post-loop__title\">Baga\u017cniki samochodowe i inne urz\u0105dzenia mocowane na zewn\u0105trz samochodu<\/h2><div class=\"custom-post-loop__excerpt\">Laboratorium Bezpiecze\u0144stwa Pojazd\u00f3w<\/div><a class=\"custom-post-loop__link\" href=\"https:\/\/pimot.lukasiewicz.gov.pl\/en\/przepisy\/bagazniki-samochodowe-i-inne-urzadzenia-mocowane-na-zewnatrz-samochodu\/\">Read more<\/a><\/div><\/div><\/article><article class=\"custom-post-loop__post\"><div class=\"custom-post-loop__inner\"><div class=\"custom-post-loop__content\"><h2 class=\"custom-post-loop__title\">Linki holownicze<\/h2><div class=\"custom-post-loop__excerpt\">Laboratorium Bezpiecze\u0144stwa Pojazd\u00f3w<\/div><a class=\"custom-post-loop__link\" href=\"https:\/\/pimot.lukasiewicz.gov.pl\/en\/przepisy\/linki-holownicze\/\">Read more<\/a><\/div><\/div><\/article><article class=\"custom-post-loop__post\"><div class=\"custom-post-loop__inner\"><div class=\"custom-post-loop__content\"><h2 class=\"custom-post-loop__title\">Spr\u0119\u017cyny \u015brubowe przedniego i tylnego zawieszenia pojazd\u00f3w samochodowych<\/h2><div class=\"custom-post-loop__excerpt\">Laboratorium Bezpiecze\u0144stwa Pojazd\u00f3w<\/div><a class=\"custom-post-loop__link\" href=\"https:\/\/pimot.lukasiewicz.gov.pl\/en\/przepisy\/sprezyny-srubowe-przedniego-i-tylnego-zawieszenia-pojazdow-samochodowych\/\">Read more<\/a><\/div><\/div><\/article><article class=\"custom-post-loop__post\"><div class=\"custom-post-loop__inner\"><div class=\"custom-post-loop__content\"><h2 class=\"custom-post-loop__title\">Osie i sworznie wahaczy pojazd\u00f3w samochodowych i przyczep<\/h2><div class=\"custom-post-loop__excerpt\">Laboratorium Bezpiecze\u0144stwa Pojazd\u00f3w<\/div><a class=\"custom-post-loop__link\" href=\"https:\/\/pimot.lukasiewicz.gov.pl\/en\/przepisy\/osie-i-sworznie-wahaczy-pojazdow-samochodowych-i-przyczep\/\">Read more<\/a><\/div><\/div><\/article><\/div><div class=\"custom-post-loop__pagination\"><span aria-current=\"page\" class=\"page-numbers current\">1<\/span><a class=\"page-numbers\" href=\"\/en\/wp-json\/wp\/v2\/pages\/61830?custom_paged=2\">2<\/a><a class=\"page-numbers\" href=\"\/en\/wp-json\/wp\/v2\/pages\/61830?custom_paged=3\">3<\/a><span class=\"page-numbers dots\">&hellip;<\/span><a class=\"page-numbers\" href=\"\/en\/wp-json\/wp\/v2\/pages\/61830?custom_paged=38\">38<\/a><a title=\"Next page\" class=\"next page-numbers\" href=\"\/en\/wp-json\/wp\/v2\/pages\/61830?custom_paged=2\">\u00bb<\/a><\/div><\/div>\n\t\t\t\t\t\t<\/div>\n\t\t\t\t<\/div>\n\t\t\t\t\t<\/div>\n\t\t\t\t<\/div>\n\t\t\t\t<\/div>\n\t\t","protected":false},"excerpt":{"rendered":"<p>Regulations<\/p>\n","protected":false},"author":344,"featured_media":0,"parent":0,"menu_order":0,"comment_status":"closed","ping_status":"closed","template":"","meta":{"_acf_changed":false,"_seopress_robots_primary_cat":"","_seopress_titles_title":"","_seopress_titles_desc":"","_seopress_robots_index":"","inline_featured_image":false,"footnotes":""},"class_list":["post-61830","page","type-page","status-publish","hentry"],"acf":[],"publishpress_future_action":{"enabled":false,"date":"2026-05-02 14:15:25","action":"change-status","newStatus":"draft","terms":[],"taxonomy":"translation_priority","extraData":[]},"publishpress_future_workflow_manual_trigger":{"enabledWorkflows":[]},"_links":{"self":[{"href":"https:\/\/pimot.lukasiewicz.gov.pl\/en\/wp-json\/wp\/v2\/pages\/61830","targetHints":{"allow":["GET"]}}],"collection":[{"href":"https:\/\/pimot.lukasiewicz.gov.pl\/en\/wp-json\/wp\/v2\/pages"}],"about":[{"href":"https:\/\/pimot.lukasiewicz.gov.pl\/en\/wp-json\/wp\/v2\/types\/page"}],"author":[{"embeddable":true,"href":"https:\/\/pimot.lukasiewicz.gov.pl\/en\/wp-json\/wp\/v2\/users\/344"}],"replies":[{"embeddable":true,"href":"https:\/\/pimot.lukasiewicz.gov.pl\/en\/wp-json\/wp\/v2\/comments?post=61830"}],"version-history":[{"count":1,"href":"https:\/\/pimot.lukasiewicz.gov.pl\/en\/wp-json\/wp\/v2\/pages\/61830\/revisions"}],"predecessor-version":[{"id":61831,"href":"https:\/\/pimot.lukasiewicz.gov.pl\/en\/wp-json\/wp\/v2\/pages\/61830\/revisions\/61831"}],"wp:attachment":[{"href":"https:\/\/pimot.lukasiewicz.gov.pl\/en\/wp-json\/wp\/v2\/media?parent=61830"}],"curies":[{"name":"wp","href":"https:\/\/api.w.org\/{rel}","templated":true}]}}