{"id":61724,"date":"2025-10-09T14:41:04","date_gmt":"2025-10-09T12:41:04","guid":{"rendered":"https:\/\/pimot.lukasiewicz.gov.pl\/projects\/"},"modified":"2026-04-23T14:19:29","modified_gmt":"2026-04-23T12:19:29","slug":"projects","status":"publish","type":"page","link":"https:\/\/pimot.lukasiewicz.gov.pl\/en\/projects\/","title":{"rendered":"Projects"},"content":{"rendered":"\t\t<div data-elementor-type=\"wp-page\" data-elementor-id=\"61724\" class=\"elementor elementor-61724 elementor-48803\" data-elementor-post-type=\"page\">\n\t\t\t\t\t\t<section class=\"elementor-section elementor-top-section elementor-element elementor-element-86d5f42 elementor-section-boxed elementor-section-height-default elementor-section-height-default\" data-id=\"86d5f42\" data-element_type=\"section\" data-e-type=\"section\">\n\t\t\t\t\t\t<div class=\"elementor-container elementor-column-gap-default\">\n\t\t\t\t\t<div class=\"elementor-column elementor-col-100 elementor-top-column elementor-element elementor-element-1d2f897\" data-id=\"1d2f897\" data-element_type=\"column\" data-e-type=\"column\" data-settings=\"{&quot;background_background&quot;:&quot;classic&quot;}\">\n\t\t\t<div class=\"elementor-widget-wrap elementor-element-populated\">\n\t\t\t\t\t\t<div class=\"elementor-element elementor-element-bbbd046 elementor-widget__width-inherit elementor-widget elementor-widget-heading\" data-id=\"bbbd046\" data-element_type=\"widget\" data-e-type=\"widget\" data-widget_type=\"heading.default\">\n\t\t\t\t<div class=\"elementor-widget-container\">\n\t\t\t\t\t<h1 class=\"elementor-heading-title elementor-size-default\">Projects<\/h1>\t\t\t\t<\/div>\n\t\t\t\t<\/div>\n\t\t\t\t\t<\/div>\n\t\t<\/div>\n\t\t\t\t\t<\/div>\n\t\t<\/section>\n\t\t<div class=\"elementor-element elementor-element-3b63775 e-flex e-con-boxed e-con e-parent\" data-id=\"3b63775\" data-element_type=\"container\" data-e-type=\"container\">\n\t\t\t\t\t<div class=\"e-con-inner\">\n\t\t\t\t<div class=\"elementor-element elementor-element-ab2bf55 button_sq02 elementor-mobile-align-justify elementor-widget elementor-widget-button\" data-id=\"ab2bf55\" data-element_type=\"widget\" data-e-type=\"widget\" data-widget_type=\"button.default\">\n\t\t\t\t<div class=\"elementor-widget-container\">\n\t\t\t\t\t\t\t\t\t<div class=\"elementor-button-wrapper\">\n\t\t\t\t\t<a class=\"elementor-button elementor-button-link elementor-size-sm\" href=\"https:\/\/klaster.pimot.lukasiewicz.gov.pl\/%20\" target=\"_blank\">\n\t\t\t\t\t\t<span class=\"elementor-button-content-wrapper\">\n\t\t\t\t\t\t<span class=\"elementor-button-icon\">\n\t\t\t\t<i aria-hidden=\"true\" class=\"fas fa-external-link-alt\"><\/i>\t\t\t<\/span>\n\t\t\t\t\t\t\t\t\t<span class=\"elementor-button-text\">Center cluster<\/span>\n\t\t\t\t\t<\/span>\n\t\t\t\t\t<\/a>\n\t\t\t\t<\/div>\n\t\t\t\t\t\t\t\t<\/div>\n\t\t\t\t<\/div>\n\t\t\t\t\t<\/div>\n\t\t\t\t<\/div>\n\t\t<div class=\"elementor-element elementor-element-48651cf e-flex e-con-boxed e-con e-parent\" data-id=\"48651cf\" data-element_type=\"container\" data-e-type=\"container\">\n\t\t\t\t\t<div class=\"e-con-inner\">\n\t\t\t\t<div class=\"elementor-element elementor-element-33efebb elementor-widget elementor-widget-shortcode\" data-id=\"33efebb\" data-element_type=\"widget\" data-e-type=\"widget\" data-widget_type=\"shortcode.default\">\n\t\t\t\t<div class=\"elementor-widget-container\">\n\t\t\t\t\t\t\t<div class=\"elementor-shortcode\"><div class=\"custom-post-loop__filters\"><a href=\"?kategoria=\" class=\"custom-post-loop__filter-btn cplf-btn-all-filter active\">All posts<\/a><a href=\"?kategoria=cbitdp\" class=\"custom-post-loop__filter-btn cplf-btn-1 \">CBTiDP<\/a><a href=\"?kategoria=projekty-kpo\" class=\"custom-post-loop__filter-btn cplf-btn-2 \">Projekty KPO<\/a><a href=\"?kategoria=projekty-krajowe\" class=\"custom-post-loop__filter-btn cplf-btn-3 \">Projekty krajowe<\/a><a href=\"?kategoria=projekty-miedzynarodowe\" class=\"custom-post-loop__filter-btn cplf-btn-4 \">Projekty mi\u0119dzynarodowe<\/a><\/div><div class=\"custom-post-loop__posts\"><article class=\"custom-post-loop__post\"><div class=\"custom-post-loop__inner\"><div class=\"custom-post-loop__content\"><h2 class=\"custom-post-loop__title\">Projekt SHIBA II (2026 \u2013 2028)<\/h2><div class=\"custom-post-loop__excerpt\">Budowa autobusu elektrycznego klasy I\u00a0ze\u00a0\u017ar\u00f3d\u0142em energii wydzielonym poza przestrze\u0144 jego zabudowy.<\/div><a class=\"custom-post-loop__link\" href=\"https:\/\/pimot.lukasiewicz.gov.pl\/en\/projekty\/projekt-shiba-ii-2026-2028\/\">Read more<\/a><\/div><\/div><\/article><article class=\"custom-post-loop__post\"><div class=\"custom-post-loop__inner\"><div class=\"custom-post-loop__content\"><h2 class=\"custom-post-loop__title\">IV edycja Konferencji pojazdy autonomiczne w obszarze autonomii pojazd\u00f3w (2025 \u2013 2026)<\/h2><div class=\"custom-post-loop__excerpt\">IV edycja mi\u0119dzynarodowej konferencji \u201ePojazdy autonomiczne \u2013 wyzwania i szanse dla gospodarki i obronno\u015bci pa\u0144stwa&quot;<\/div><a class=\"custom-post-loop__link\" href=\"https:\/\/pimot.lukasiewicz.gov.pl\/en\/projekty\/autoelektrosan\/\">Read more<\/a><\/div><\/div><\/article><article class=\"custom-post-loop__post\"><div class=\"custom-post-loop__inner\"><div class=\"custom-post-loop__content\"><h2 class=\"custom-post-loop__title\">Zautomatyzowany bezza\u0142ogowy pojazd l\u0105dowy o podw\u00f3jnym zastosowaniu (2025 \u2013 2026)<\/h2><div class=\"custom-post-loop__excerpt\">Projekt zak\u0142ada opracowanie terenowej platformy robotycznej do patrolowania infrastruktury krytycznej dostosowanej do pracy w zmiennych warunkach.<\/div><a class=\"custom-post-loop__link\" href=\"https:\/\/pimot.lukasiewicz.gov.pl\/en\/projekty\/zautomatyzowany-bezzalogowy-pojazd-ladowy-o-podwojnym-zastosowaniu\/\">Read more<\/a><\/div><\/div><\/article><article class=\"custom-post-loop__post\"><div class=\"custom-post-loop__inner\"><div class=\"custom-post-loop__content\"><h2 class=\"custom-post-loop__title\">Innowacyjny i energooszcz\u0119dny system zapobiegania oblodzeniu dla bezza\u0142ogowego lotnictwa (2025 \u2013 2026)<\/h2><div class=\"custom-post-loop__excerpt\">Celem projektu jest opracowanie systemu przeciwoblodzeniowego, zintegrowanego z komputerem pok\u0142adowym na bezza\u0142ogowym statku powietrznym o masie do 25 kg.<\/div><a class=\"custom-post-loop__link\" href=\"https:\/\/pimot.lukasiewicz.gov.pl\/en\/projekty\/opracowanie-energooszczednego-innowacyjnego-systemu-zapobiegania-oblodzeniu-dla-bezzalogowego-lotnictwa\/\">Read more<\/a><\/div><\/div><\/article><article class=\"custom-post-loop__post\"><div class=\"custom-post-loop__inner\"><div class=\"custom-post-loop__content\"><h2 class=\"custom-post-loop__title\">Shift 2 Zero (2025 \u2013 2028)<\/h2><div class=\"custom-post-loop__excerpt\">Celem projektu jest opracowanie rozwi\u0105za\u0144 i\u00a0funkcjonalno\u015bci dla zeroemisyjnych lekkich pojazd\u00f3w u\u017cytkowych N1 (e-LCVs). Realizacja projektu przyczyni si\u0119 do\u00a0redukcji emisji gaz\u00f3w cieplarnianych i\u00a0zwi\u0119kszenia efektywno\u015bci operacyjnej oraz\u00a0b\u0119dzie odpowiedzi\u0105 na\u00a0wyzwania miast przysz\u0142o\u015bci.<\/div><a class=\"custom-post-loop__link\" href=\"https:\/\/pimot.lukasiewicz.gov.pl\/en\/projekty\/shift-2-zero\/\">Read more<\/a><\/div><\/div><\/article><article class=\"custom-post-loop__post\"><div class=\"custom-post-loop__inner\"><div class=\"custom-post-loop__content\"><h2 class=\"custom-post-loop__title\">Modernizacja hali badawczej dla cel\u00f3w realizacji prac B+R (2025 \u2013 2027)<\/h2><div class=\"custom-post-loop__excerpt\">Modernizacja hali badawczej\u00a0 oraz rozbudowa\u00a0 budynku technicznego - stacji zasilaczy hydraulicznych zapewniaj\u0105cych dzia\u0142anie stanowisk badawczych w Laboratorium Bada\u0144 Symulacyjnych.<\/div><a class=\"custom-post-loop__link\" href=\"https:\/\/pimot.lukasiewicz.gov.pl\/en\/projekty\/hala\/\">Read more<\/a><\/div><\/div><\/article><\/div><div class=\"custom-post-loop__pagination\"><span aria-current=\"page\" class=\"page-numbers current\">1<\/span><a class=\"page-numbers\" href=\"\/en\/wp-json\/wp\/v2\/pages\/61724?custom_paged=2\">2<\/a><a class=\"page-numbers\" href=\"\/en\/wp-json\/wp\/v2\/pages\/61724?custom_paged=3\">3<\/a><span class=\"page-numbers dots\">&hellip;<\/span><a class=\"page-numbers\" href=\"\/en\/wp-json\/wp\/v2\/pages\/61724?custom_paged=6\">6<\/a><a title=\"Next page\" class=\"next page-numbers\" href=\"\/en\/wp-json\/wp\/v2\/pages\/61724?custom_paged=2\">\u00bb<\/a><\/div><\/div>\n\t\t\t\t\t\t<\/div>\n\t\t\t\t<\/div>\n\t\t\t\t\t<\/div>\n\t\t\t\t<\/div>\n\t\t\t\t<\/div>\n\t\t","protected":false},"excerpt":{"rendered":"<p>Projects Center cluster<\/p>\n","protected":false},"author":207,"featured_media":0,"parent":0,"menu_order":0,"comment_status":"closed","ping_status":"closed","template":"","meta":{"_acf_changed":false,"_seopress_robots_primary_cat":"","_seopress_titles_title":"","_seopress_titles_desc":"","_seopress_robots_index":"","inline_featured_image":false,"footnotes":""},"class_list":["post-61724","page","type-page","status-publish","hentry"],"acf":[],"publishpress_future_action":{"enabled":false,"date":"2026-04-30 20:18:16","action":"change-status","newStatus":"draft","terms":[],"taxonomy":"translation_priority","extraData":[]},"publishpress_future_workflow_manual_trigger":{"enabledWorkflows":[]},"_links":{"self":[{"href":"https:\/\/pimot.lukasiewicz.gov.pl\/en\/wp-json\/wp\/v2\/pages\/61724","targetHints":{"allow":["GET"]}}],"collection":[{"href":"https:\/\/pimot.lukasiewicz.gov.pl\/en\/wp-json\/wp\/v2\/pages"}],"about":[{"href":"https:\/\/pimot.lukasiewicz.gov.pl\/en\/wp-json\/wp\/v2\/types\/page"}],"author":[{"embeddable":true,"href":"https:\/\/pimot.lukasiewicz.gov.pl\/en\/wp-json\/wp\/v2\/users\/207"}],"replies":[{"embeddable":true,"href":"https:\/\/pimot.lukasiewicz.gov.pl\/en\/wp-json\/wp\/v2\/comments?post=61724"}],"version-history":[{"count":1,"href":"https:\/\/pimot.lukasiewicz.gov.pl\/en\/wp-json\/wp\/v2\/pages\/61724\/revisions"}],"predecessor-version":[{"id":61725,"href":"https:\/\/pimot.lukasiewicz.gov.pl\/en\/wp-json\/wp\/v2\/pages\/61724\/revisions\/61725"}],"wp:attachment":[{"href":"https:\/\/pimot.lukasiewicz.gov.pl\/en\/wp-json\/wp\/v2\/media?parent=61724"}],"curies":[{"name":"wp","href":"https:\/\/api.w.org\/{rel}","templated":true}]}}