{"id":61713,"date":"2023-01-12T08:20:00","date_gmt":"2023-01-12T07:20:00","guid":{"rendered":"https:\/\/pimot.lukasiewicz.gov.pl\/offer\/"},"modified":"2026-04-23T14:16:25","modified_gmt":"2026-04-23T12:16:25","slug":"offer","status":"publish","type":"page","link":"https:\/\/pimot.lukasiewicz.gov.pl\/en\/offer\/","title":{"rendered":"Offer"},"content":{"rendered":"\t\t<div data-elementor-type=\"wp-page\" data-elementor-id=\"61713\" class=\"elementor elementor-61713 elementor-343\" data-elementor-post-type=\"page\">\n\t\t\t\t\t\t<section class=\"elementor-section elementor-top-section elementor-element elementor-element-3256193 elementor-section-boxed elementor-section-height-default elementor-section-height-default\" data-id=\"3256193\" data-element_type=\"section\" data-e-type=\"section\">\n\t\t\t\t\t\t<div class=\"elementor-container elementor-column-gap-default\">\n\t\t\t\t\t<div class=\"elementor-column elementor-col-100 elementor-top-column elementor-element elementor-element-51143a1\" data-id=\"51143a1\" data-element_type=\"column\" data-e-type=\"column\" data-settings=\"{&quot;background_background&quot;:&quot;classic&quot;}\">\n\t\t\t<div class=\"elementor-widget-wrap elementor-element-populated\">\n\t\t\t\t\t\t<div class=\"elementor-element elementor-element-6caedec elementor-widget__width-inherit elementor-widget elementor-widget-heading\" data-id=\"6caedec\" data-element_type=\"widget\" data-e-type=\"widget\" data-widget_type=\"heading.default\">\n\t\t\t\t<div class=\"elementor-widget-container\">\n\t\t\t\t\t<h1 class=\"elementor-heading-title elementor-size-default\">Offer<\/h1>\t\t\t\t<\/div>\n\t\t\t\t<\/div>\n\t\t\t\t\t<\/div>\n\t\t<\/div>\n\t\t\t\t\t<\/div>\n\t\t<\/section>\n\t\t<div class=\"elementor-element elementor-element-07efcc3 e-flex e-con-boxed e-con e-parent\" data-id=\"07efcc3\" data-element_type=\"container\" data-e-type=\"container\">\n\t\t\t\t\t<div class=\"e-con-inner\">\n\t\t<nav class=\"elementor-element elementor-element-775943d e-grid e-con-full e-con e-child\" data-id=\"775943d\" data-element_type=\"container\" data-e-type=\"container\">\n\t\t<a class=\"elementor-element elementor-element-3204033 e-con-full box-shadow--simply  e-flex e-con e-child\" data-id=\"3204033\" data-element_type=\"container\" data-e-type=\"container\" data-settings=\"{&quot;background_background&quot;:&quot;classic&quot;}\" href=\"https:\/\/pimot.lukasiewicz.gov.pl\/oferta\/obszary-badan-3\/?_gl=1*7y79ts*_up*MQ..*_ga*MTY0MzEyNTQzNS4xNzczNzQ2Mjky*_ga_FZ8BMZNDY9*czE3NzM3NDYyODkkbzEkZzEkdDE3NzM3NDYzNTgkajYwJGwwJGgw\" title=\"Profesjonalne ekspertyzy&#044; opinie techniczne i badania dla instytucji.\">\n\t\t\t\t<div class=\"elementor-element elementor-element-add2f31 elementor-widget elementor-widget-image\" data-id=\"add2f31\" data-element_type=\"widget\" data-e-type=\"widget\" data-widget_type=\"image.default\">\n\t\t\t\t<div class=\"elementor-widget-container\">\n\t\t\t\t\t\t\t\t\t\t\t\t\t\t\t<img decoding=\"async\" width=\"150\" height=\"150\" src=\"https:\/\/pimot.lukasiewicz.gov.pl\/wp-content\/uploads\/sites\/53\/2026\/02\/Projekt-bez-nazwy-16-150x150.png\" class=\"attachment-thumbnail size-thumbnail wp-image-58316\" alt=\"\" \/>\t\t\t\t\t\t\t\t\t\t\t\t\t\t\t<\/div>\n\t\t\t\t<\/div>\n\t\t\t\t<div class=\"elementor-element elementor-element-df4efb4 elementor-widget elementor-widget-text-editor\" data-id=\"df4efb4\" data-element_type=\"widget\" data-e-type=\"widget\" data-widget_type=\"text-editor.default\">\n\t\t\t\t<div class=\"elementor-widget-container\">\n\t\t\t\t\t\t\t\t\t<p>Research areas<\/p>\t\t\t\t\t\t\t\t<\/div>\n\t\t\t\t<\/div>\n\t\t\t\t<\/a>\n\t\t<a class=\"elementor-element elementor-element-cfbb210 e-con-full box-shadow--simply  e-flex e-con e-child\" data-id=\"cfbb210\" data-element_type=\"container\" data-e-type=\"container\" data-settings=\"{&quot;background_background&quot;:&quot;classic&quot;}\" href=\"https:\/\/pimot.lukasiewicz.gov.pl\/en\/offer\/homologation\/\" title=\"Kompleksowe us\u0142ugi w zakresie homologacji pojazd\u00f3w&#044; ich cz\u0119\u015bci i wyposa\u017cenia.\">\n\t\t\t\t<div class=\"elementor-element elementor-element-a1dad36 elementor-widget elementor-widget-image\" data-id=\"a1dad36\" data-element_type=\"widget\" data-e-type=\"widget\" data-widget_type=\"image.default\">\n\t\t\t\t<div class=\"elementor-widget-container\">\n\t\t\t\t\t\t\t\t\t\t\t\t\t\t\t<img fetchpriority=\"high\" decoding=\"async\" width=\"300\" height=\"237\" src=\"https:\/\/pimot.lukasiewicz.gov.pl\/wp-content\/uploads\/sites\/53\/2026\/02\/Projekt-bez-nazwy-27-300x237.png\" class=\"attachment-medium size-medium wp-image-58358\" alt=\"\" srcset=\"https:\/\/pimot.lukasiewicz.gov.pl\/wp-content\/uploads\/sites\/53\/2026\/02\/Projekt-bez-nazwy-27-300x237.png 300w, https:\/\/pimot.lukasiewicz.gov.pl\/wp-content\/uploads\/sites\/53\/2026\/02\/Projekt-bez-nazwy-27-24x19.png 24w, https:\/\/pimot.lukasiewicz.gov.pl\/wp-content\/uploads\/sites\/53\/2026\/02\/Projekt-bez-nazwy-27-36x28.png 36w, https:\/\/pimot.lukasiewicz.gov.pl\/wp-content\/uploads\/sites\/53\/2026\/02\/Projekt-bez-nazwy-27-48x38.png 48w, https:\/\/pimot.lukasiewicz.gov.pl\/wp-content\/uploads\/sites\/53\/2026\/02\/Projekt-bez-nazwy-27.png 304w\" sizes=\"(max-width: 300px) 100vw, 300px\" \/>\t\t\t\t\t\t\t\t\t\t\t\t\t\t\t<\/div>\n\t\t\t\t<\/div>\n\t\t\t\t<div class=\"elementor-element elementor-element-03e5586 elementor-widget elementor-widget-text-editor\" data-id=\"03e5586\" data-element_type=\"widget\" data-e-type=\"widget\" data-widget_type=\"text-editor.default\">\n\t\t\t\t<div class=\"elementor-widget-container\">\n\t\t\t\t\t\t\t\t\t<p>Type approval<\/p>\t\t\t\t\t\t\t\t<\/div>\n\t\t\t\t<\/div>\n\t\t\t\t<\/a>\n\t\t<a class=\"elementor-element elementor-element-d7d1e9b e-con-full box-shadow--simply  e-flex e-con e-child\" data-id=\"d7d1e9b\" data-element_type=\"container\" data-e-type=\"container\" data-settings=\"{&quot;background_background&quot;:&quot;classic&quot;}\" href=\"https:\/\/pimot.lukasiewicz.gov.pl\/oferta\/certyfikacja\/\" title=\"Certyfikacja wyrob\u00f3w&#044; system\u00f3w zarz\u0105dzania oraz proces\u00f3w zgodnie z krajowymi i mi\u0119dzynarodowymi normami.\">\n\t\t\t\t<div class=\"elementor-element elementor-element-34bea2b elementor-widget elementor-widget-image\" data-id=\"34bea2b\" data-element_type=\"widget\" data-e-type=\"widget\" data-widget_type=\"image.default\">\n\t\t\t\t<div class=\"elementor-widget-container\">\n\t\t\t\t\t\t\t\t\t\t\t\t\t\t\t<img decoding=\"async\" width=\"300\" height=\"222\" src=\"https:\/\/pimot.lukasiewicz.gov.pl\/wp-content\/uploads\/sites\/53\/2026\/02\/Projekt-bez-nazwy-19-300x222.png\" class=\"attachment-medium size-medium wp-image-58326\" alt=\"\" srcset=\"https:\/\/pimot.lukasiewicz.gov.pl\/wp-content\/uploads\/sites\/53\/2026\/02\/Projekt-bez-nazwy-19-300x222.png 300w, https:\/\/pimot.lukasiewicz.gov.pl\/wp-content\/uploads\/sites\/53\/2026\/02\/Projekt-bez-nazwy-19-24x18.png 24w, https:\/\/pimot.lukasiewicz.gov.pl\/wp-content\/uploads\/sites\/53\/2026\/02\/Projekt-bez-nazwy-19-36x27.png 36w, https:\/\/pimot.lukasiewicz.gov.pl\/wp-content\/uploads\/sites\/53\/2026\/02\/Projekt-bez-nazwy-19-48x35.png 48w, https:\/\/pimot.lukasiewicz.gov.pl\/wp-content\/uploads\/sites\/53\/2026\/02\/Projekt-bez-nazwy-19.png 325w\" sizes=\"(max-width: 300px) 100vw, 300px\" \/>\t\t\t\t\t\t\t\t\t\t\t\t\t\t\t<\/div>\n\t\t\t\t<\/div>\n\t\t\t\t<div class=\"elementor-element elementor-element-4ea01a9 elementor-widget elementor-widget-text-editor\" data-id=\"4ea01a9\" data-element_type=\"widget\" data-e-type=\"widget\" data-widget_type=\"text-editor.default\">\n\t\t\t\t<div class=\"elementor-widget-container\">\n\t\t\t\t\t\t\t\t\t<p>certification<\/p>\t\t\t\t\t\t\t\t<\/div>\n\t\t\t\t<\/div>\n\t\t\t\t<\/a>\n\t\t<a class=\"elementor-element elementor-element-b5643b2 e-con-full box-shadow--simply  e-flex e-con e-child\" data-id=\"b5643b2\" data-element_type=\"container\" data-e-type=\"container\" data-settings=\"{&quot;background_background&quot;:&quot;classic&quot;}\" href=\"https:\/\/pimot.lukasiewicz.gov.pl\/oferta\/projekty-i-uslugi-br\/\" title=\"Prace badawczo-rozwojowe w obszarze motoryzacji&#044; elektromobilno\u015bci&#044; transportu&#044; ochrony \u015brodowiska i biopaliw.\">\n\t\t\t\t<div class=\"elementor-element elementor-element-a8b30c5 elementor-widget elementor-widget-image\" data-id=\"a8b30c5\" data-element_type=\"widget\" data-e-type=\"widget\" data-widget_type=\"image.default\">\n\t\t\t\t<div class=\"elementor-widget-container\">\n\t\t\t\t\t\t\t\t\t\t\t\t\t\t\t<img loading=\"lazy\" decoding=\"async\" width=\"300\" height=\"225\" src=\"https:\/\/pimot.lukasiewicz.gov.pl\/wp-content\/uploads\/sites\/53\/2026\/02\/Projekt-bez-nazwy-21-300x225.png\" class=\"attachment-medium size-medium wp-image-58334\" alt=\"\" srcset=\"https:\/\/pimot.lukasiewicz.gov.pl\/wp-content\/uploads\/sites\/53\/2026\/02\/Projekt-bez-nazwy-21-300x225.png 300w, https:\/\/pimot.lukasiewicz.gov.pl\/wp-content\/uploads\/sites\/53\/2026\/02\/Projekt-bez-nazwy-21-24x18.png 24w, https:\/\/pimot.lukasiewicz.gov.pl\/wp-content\/uploads\/sites\/53\/2026\/02\/Projekt-bez-nazwy-21-36x27.png 36w, https:\/\/pimot.lukasiewicz.gov.pl\/wp-content\/uploads\/sites\/53\/2026\/02\/Projekt-bez-nazwy-21-48x36.png 48w, https:\/\/pimot.lukasiewicz.gov.pl\/wp-content\/uploads\/sites\/53\/2026\/02\/Projekt-bez-nazwy-21.png 320w\" sizes=\"(max-width: 300px) 100vw, 300px\" \/>\t\t\t\t\t\t\t\t\t\t\t\t\t\t\t<\/div>\n\t\t\t\t<\/div>\n\t\t\t\t<div class=\"elementor-element elementor-element-8f3a7c8 elementor-widget elementor-widget-text-editor\" data-id=\"8f3a7c8\" data-element_type=\"widget\" data-e-type=\"widget\" data-widget_type=\"text-editor.default\">\n\t\t\t\t<div class=\"elementor-widget-container\">\n\t\t\t\t\t\t\t\t\t<p>R&amp;D projects and services<\/p>\t\t\t\t\t\t\t\t<\/div>\n\t\t\t\t<\/div>\n\t\t\t\t<\/a>\n\t\t<a class=\"elementor-element elementor-element-7294aa0 e-con-full box-shadow--simply  e-flex e-con e-child\" data-id=\"7294aa0\" data-element_type=\"container\" data-e-type=\"container\" data-settings=\"{&quot;background_background&quot;:&quot;classic&quot;}\" href=\"https:\/\/pimot.lukasiewicz.gov.pl\/poznaj-nas\/upowaznienia-i-akredytacje\/?_gl=1*e10jbz*_up*MQ..*_ga*NzI4MDQ1MTM0LjE3NzE4NTg1NTM.*_ga_FZ8BMZNDY9*czE3NzE4NTg1NTEkbzEkZzAkdDE3NzE4NTg1NTEkajYwJGwwJGgw\" title=\"Szeroki zakres akredytowanych bada\u0144 laboratoryjnych&#044; realizowanych zgodnie z najwy\u017cszymi standardami jako\u015bci.\">\n\t\t\t\t<div class=\"elementor-element elementor-element-d63cf58 elementor-widget elementor-widget-image\" data-id=\"d63cf58\" data-element_type=\"widget\" data-e-type=\"widget\" data-widget_type=\"image.default\">\n\t\t\t\t<div class=\"elementor-widget-container\">\n\t\t\t\t\t\t\t\t\t\t\t\t\t\t\t<img loading=\"lazy\" decoding=\"async\" width=\"300\" height=\"64\" src=\"https:\/\/pimot.lukasiewicz.gov.pl\/wp-content\/uploads\/sites\/53\/2026\/02\/Projekt-bez-nazwy-22-300x64.png\" class=\"attachment-medium size-medium wp-image-58339\" alt=\"\" srcset=\"https:\/\/pimot.lukasiewicz.gov.pl\/wp-content\/uploads\/sites\/53\/2026\/02\/Projekt-bez-nazwy-22-300x64.png 300w, https:\/\/pimot.lukasiewicz.gov.pl\/wp-content\/uploads\/sites\/53\/2026\/02\/Projekt-bez-nazwy-22-1024x217.png 1024w, https:\/\/pimot.lukasiewicz.gov.pl\/wp-content\/uploads\/sites\/53\/2026\/02\/Projekt-bez-nazwy-22-768x163.png 768w, https:\/\/pimot.lukasiewicz.gov.pl\/wp-content\/uploads\/sites\/53\/2026\/02\/Projekt-bez-nazwy-22-24x5.png 24w, https:\/\/pimot.lukasiewicz.gov.pl\/wp-content\/uploads\/sites\/53\/2026\/02\/Projekt-bez-nazwy-22-36x8.png 36w, https:\/\/pimot.lukasiewicz.gov.pl\/wp-content\/uploads\/sites\/53\/2026\/02\/Projekt-bez-nazwy-22-48x10.png 48w, https:\/\/pimot.lukasiewicz.gov.pl\/wp-content\/uploads\/sites\/53\/2026\/02\/Projekt-bez-nazwy-22.png 1130w\" sizes=\"(max-width: 300px) 100vw, 300px\" \/>\t\t\t\t\t\t\t\t\t\t\t\t\t\t\t<\/div>\n\t\t\t\t<\/div>\n\t\t\t\t<div class=\"elementor-element elementor-element-3c9e186 elementor-widget elementor-widget-text-editor\" data-id=\"3c9e186\" data-element_type=\"widget\" data-e-type=\"widget\" data-widget_type=\"text-editor.default\">\n\t\t\t\t<div class=\"elementor-widget-container\">\n\t\t\t\t\t\t\t\t\t<p>Authorizations and accreditations<\/p>\t\t\t\t\t\t\t\t<\/div>\n\t\t\t\t<\/div>\n\t\t\t\t<\/a>\n\t\t<a class=\"elementor-element elementor-element-9e60abd e-con-full box-shadow--simply  e-flex e-con e-child\" data-id=\"9e60abd\" data-element_type=\"container\" data-e-type=\"container\" data-settings=\"{&quot;background_background&quot;:&quot;classic&quot;}\" href=\"https:\/\/pimot.lukasiewicz.gov.pl\/oferta\/komercjalizacja\/\" title=\"Profesjonalne ekspertyzy&#044; opinie techniczne i badania dla instytucji.\">\n\t\t\t\t<div class=\"elementor-element elementor-element-39e418e elementor-widget elementor-widget-image\" data-id=\"39e418e\" data-element_type=\"widget\" data-e-type=\"widget\" data-widget_type=\"image.default\">\n\t\t\t\t<div class=\"elementor-widget-container\">\n\t\t\t\t\t\t\t\t\t\t\t\t\t\t\t<img loading=\"lazy\" decoding=\"async\" width=\"270\" height=\"240\" src=\"https:\/\/pimot.lukasiewicz.gov.pl\/wp-content\/uploads\/sites\/53\/2026\/02\/Projekt-bez-nazwy-23-e1771414463350.png\" class=\"attachment-medium size-medium wp-image-58345\" alt=\"\" \/>\t\t\t\t\t\t\t\t\t\t\t\t\t\t\t<\/div>\n\t\t\t\t<\/div>\n\t\t\t\t<div class=\"elementor-element elementor-element-a80139f elementor-widget elementor-widget-text-editor\" data-id=\"a80139f\" data-element_type=\"widget\" data-e-type=\"widget\" data-widget_type=\"text-editor.default\">\n\t\t\t\t<div class=\"elementor-widget-container\">\n\t\t\t\t\t\t\t\t\t<p>Commercialization<\/p>\t\t\t\t\t\t\t\t<\/div>\n\t\t\t\t<\/div>\n\t\t\t\t<\/a>\n\t\t<a class=\"elementor-element elementor-element-cf72ab7 e-con-full box-shadow--simply  e-flex e-con e-child\" data-id=\"cf72ab7\" data-element_type=\"container\" data-e-type=\"container\" data-settings=\"{&quot;background_background&quot;:&quot;classic&quot;}\" href=\"https:\/\/pimot.lukasiewicz.gov.pl\/oferta\/uslugi-eksperckie\/\" title=\"Profesjonalne ekspertyzy&#044; opinie techniczne i badania dla instytucji.\">\n\t\t\t\t<div class=\"elementor-element elementor-element-2c63159 elementor-widget elementor-widget-image\" data-id=\"2c63159\" data-element_type=\"widget\" data-e-type=\"widget\" data-widget_type=\"image.default\">\n\t\t\t\t<div class=\"elementor-widget-container\">\n\t\t\t\t\t\t\t\t\t\t\t\t\t\t\t<img loading=\"lazy\" decoding=\"async\" width=\"300\" height=\"228\" src=\"https:\/\/pimot.lukasiewicz.gov.pl\/wp-content\/uploads\/sites\/53\/2026\/02\/Projekt-bez-nazwy-24-300x228.png\" class=\"attachment-medium size-medium wp-image-58348\" alt=\"\" srcset=\"https:\/\/pimot.lukasiewicz.gov.pl\/wp-content\/uploads\/sites\/53\/2026\/02\/Projekt-bez-nazwy-24-300x228.png 300w, https:\/\/pimot.lukasiewicz.gov.pl\/wp-content\/uploads\/sites\/53\/2026\/02\/Projekt-bez-nazwy-24-24x18.png 24w, https:\/\/pimot.lukasiewicz.gov.pl\/wp-content\/uploads\/sites\/53\/2026\/02\/Projekt-bez-nazwy-24-36x27.png 36w, https:\/\/pimot.lukasiewicz.gov.pl\/wp-content\/uploads\/sites\/53\/2026\/02\/Projekt-bez-nazwy-24-48x36.png 48w, https:\/\/pimot.lukasiewicz.gov.pl\/wp-content\/uploads\/sites\/53\/2026\/02\/Projekt-bez-nazwy-24.png 316w\" sizes=\"(max-width: 300px) 100vw, 300px\" \/>\t\t\t\t\t\t\t\t\t\t\t\t\t\t\t<\/div>\n\t\t\t\t<\/div>\n\t\t\t\t<div class=\"elementor-element elementor-element-93caab9 elementor-widget elementor-widget-text-editor\" data-id=\"93caab9\" data-element_type=\"widget\" data-e-type=\"widget\" data-widget_type=\"text-editor.default\">\n\t\t\t\t<div class=\"elementor-widget-container\">\n\t\t\t\t\t\t\t\t\t<p>Expert services<\/p>\t\t\t\t\t\t\t\t<\/div>\n\t\t\t\t<\/div>\n\t\t\t\t<\/a>\n\t\t<a class=\"elementor-element elementor-element-4b63af1 e-con-full box-shadow--simply  e-flex e-con e-child\" data-id=\"4b63af1\" data-element_type=\"container\" data-e-type=\"container\" data-settings=\"{&quot;background_background&quot;:&quot;classic&quot;}\" href=\"https:\/\/pimot.lukasiewicz.gov.pl\/oferta\/okregowa-stacja-kontroli-pojazdow\/\" title=\"Profesjonalne ekspertyzy&#044; opinie techniczne i badania dla instytucji.\">\n\t\t\t\t<div class=\"elementor-element elementor-element-bc27ca1 elementor-widget elementor-widget-image\" data-id=\"bc27ca1\" data-element_type=\"widget\" data-e-type=\"widget\" data-widget_type=\"image.default\">\n\t\t\t\t<div class=\"elementor-widget-container\">\n\t\t\t\t\t\t\t\t\t\t\t\t\t\t\t<img loading=\"lazy\" decoding=\"async\" width=\"300\" height=\"216\" src=\"https:\/\/pimot.lukasiewicz.gov.pl\/wp-content\/uploads\/sites\/53\/2026\/02\/Projekt-bez-nazwy-26-300x216.png\" class=\"attachment-medium size-medium wp-image-58353\" alt=\"\" srcset=\"https:\/\/pimot.lukasiewicz.gov.pl\/wp-content\/uploads\/sites\/53\/2026\/02\/Projekt-bez-nazwy-26-300x216.png 300w, https:\/\/pimot.lukasiewicz.gov.pl\/wp-content\/uploads\/sites\/53\/2026\/02\/Projekt-bez-nazwy-26-24x17.png 24w, https:\/\/pimot.lukasiewicz.gov.pl\/wp-content\/uploads\/sites\/53\/2026\/02\/Projekt-bez-nazwy-26-36x26.png 36w, https:\/\/pimot.lukasiewicz.gov.pl\/wp-content\/uploads\/sites\/53\/2026\/02\/Projekt-bez-nazwy-26-48x35.png 48w, https:\/\/pimot.lukasiewicz.gov.pl\/wp-content\/uploads\/sites\/53\/2026\/02\/Projekt-bez-nazwy-26.png 333w\" sizes=\"(max-width: 300px) 100vw, 300px\" \/>\t\t\t\t\t\t\t\t\t\t\t\t\t\t\t<\/div>\n\t\t\t\t<\/div>\n\t\t\t\t<div class=\"elementor-element elementor-element-6e59d1f elementor-widget elementor-widget-text-editor\" data-id=\"6e59d1f\" data-element_type=\"widget\" data-e-type=\"widget\" data-widget_type=\"text-editor.default\">\n\t\t\t\t<div class=\"elementor-widget-container\">\n\t\t\t\t\t\t\t\t\t<p>District Vehicle Inspection Station <br><\/p>\t\t\t\t\t\t\t\t<\/div>\n\t\t\t\t<\/div>\n\t\t\t\t<\/a>\n\t\t<a class=\"elementor-element elementor-element-9ff3eb4 e-con-full box-shadow--simply  e-flex e-con e-child\" data-id=\"9ff3eb4\" data-element_type=\"container\" data-e-type=\"container\" data-settings=\"{&quot;background_background&quot;:&quot;classic&quot;}\" href=\"https:\/\/pimot.lukasiewicz.gov.pl\/oferta\/uslugi-eksperckie\/szkolenia\/\" title=\"Profesjonalne ekspertyzy&#044; opinie techniczne i badania dla instytucji.\">\n\t\t\t\t<div class=\"elementor-element elementor-element-ece5c93 elementor-widget elementor-widget-image\" data-id=\"ece5c93\" data-element_type=\"widget\" data-e-type=\"widget\" data-widget_type=\"image.default\">\n\t\t\t\t<div class=\"elementor-widget-container\">\n\t\t\t\t\t\t\t\t\t\t\t\t\t\t\t<img loading=\"lazy\" decoding=\"async\" width=\"300\" height=\"236\" src=\"https:\/\/pimot.lukasiewicz.gov.pl\/wp-content\/uploads\/sites\/53\/2026\/02\/Projekt-bez-nazwy-29-300x236.png\" class=\"attachment-medium size-medium wp-image-58374\" alt=\"\" srcset=\"https:\/\/pimot.lukasiewicz.gov.pl\/wp-content\/uploads\/sites\/53\/2026\/02\/Projekt-bez-nazwy-29-300x236.png 300w, https:\/\/pimot.lukasiewicz.gov.pl\/wp-content\/uploads\/sites\/53\/2026\/02\/Projekt-bez-nazwy-29-24x19.png 24w, https:\/\/pimot.lukasiewicz.gov.pl\/wp-content\/uploads\/sites\/53\/2026\/02\/Projekt-bez-nazwy-29-36x28.png 36w, https:\/\/pimot.lukasiewicz.gov.pl\/wp-content\/uploads\/sites\/53\/2026\/02\/Projekt-bez-nazwy-29-48x38.png 48w, https:\/\/pimot.lukasiewicz.gov.pl\/wp-content\/uploads\/sites\/53\/2026\/02\/Projekt-bez-nazwy-29.png 305w\" sizes=\"(max-width: 300px) 100vw, 300px\" \/>\t\t\t\t\t\t\t\t\t\t\t\t\t\t\t<\/div>\n\t\t\t\t<\/div>\n\t\t\t\t<div class=\"elementor-element elementor-element-7e92726 elementor-widget elementor-widget-text-editor\" data-id=\"7e92726\" data-element_type=\"widget\" data-e-type=\"widget\" data-widget_type=\"text-editor.default\">\n\t\t\t\t<div class=\"elementor-widget-container\">\n\t\t\t\t\t\t\t\t\t<p>Training<\/p>\t\t\t\t\t\t\t\t<\/div>\n\t\t\t\t<\/div>\n\t\t\t\t<\/a>\n\t\t<a class=\"elementor-element elementor-element-26b752b e-con-full box-shadow--simply  e-flex e-con e-child\" data-id=\"26b752b\" data-element_type=\"container\" data-e-type=\"container\" data-settings=\"{&quot;background_background&quot;:&quot;classic&quot;}\" href=\"https:\/\/pimot.lukasiewicz.gov.pl\/oferta\/oferta-do-pobrania\/?_gl=1*1e6s9o6*_up*MQ..*_ga*MzM4NTI4NDMwLjE3NzA2NDkwMTI.*_ga_FZ8BMZNDY9*czE3NzA2NDkwMDkkbzEkZzAkdDE3NzA2NDkwMDkkajYwJGwwJGgw\" title=\"Profesjonalne ekspertyzy&#044; opinie techniczne i badania dla instytucji.\">\n\t\t\t\t<div class=\"elementor-element elementor-element-1522b03 elementor-widget elementor-widget-image\" data-id=\"1522b03\" data-element_type=\"widget\" data-e-type=\"widget\" data-widget_type=\"image.default\">\n\t\t\t\t<div class=\"elementor-widget-container\">\n\t\t\t\t\t\t\t\t\t\t\t\t\t\t\t<img loading=\"lazy\" decoding=\"async\" width=\"285\" height=\"240\" src=\"https:\/\/pimot.lukasiewicz.gov.pl\/wp-content\/uploads\/sites\/53\/2026\/02\/Projekt-bez-nazwy-30.png\" class=\"attachment-medium size-medium wp-image-58379\" alt=\"\" srcset=\"https:\/\/pimot.lukasiewicz.gov.pl\/wp-content\/uploads\/sites\/53\/2026\/02\/Projekt-bez-nazwy-30.png 285w, https:\/\/pimot.lukasiewicz.gov.pl\/wp-content\/uploads\/sites\/53\/2026\/02\/Projekt-bez-nazwy-30-24x20.png 24w, https:\/\/pimot.lukasiewicz.gov.pl\/wp-content\/uploads\/sites\/53\/2026\/02\/Projekt-bez-nazwy-30-36x30.png 36w, https:\/\/pimot.lukasiewicz.gov.pl\/wp-content\/uploads\/sites\/53\/2026\/02\/Projekt-bez-nazwy-30-48x40.png 48w\" sizes=\"(max-width: 285px) 100vw, 285px\" \/>\t\t\t\t\t\t\t\t\t\t\t\t\t\t\t<\/div>\n\t\t\t\t<\/div>\n\t\t\t\t<div class=\"elementor-element elementor-element-3a031c9 elementor-widget elementor-widget-text-editor\" data-id=\"3a031c9\" data-element_type=\"widget\" data-e-type=\"widget\" data-widget_type=\"text-editor.default\">\n\t\t\t\t<div class=\"elementor-widget-container\">\n\t\t\t\t\t\t\t\t\t<p>Offer to download<\/p>\t\t\t\t\t\t\t\t<\/div>\n\t\t\t\t<\/div>\n\t\t\t\t<\/a>\n\t\t\t\t<\/nav>\n\t\t\t\t\t<\/div>\n\t\t\t\t<\/div>\n\t\t\t\t<\/div>\n\t\t","protected":false},"excerpt":{"rendered":"<p>Offer Research areas Type approval certification R&amp;D projects and services Authorizations and accreditations Commercialization Expert services District Vehicle Inspection Station Training Offer to download<\/p>\n","protected":false},"author":21,"featured_media":0,"parent":0,"menu_order":0,"comment_status":"closed","ping_status":"closed","template":"","meta":{"_acf_changed":false,"_seopress_robots_primary_cat":"","_seopress_titles_title":"Innovative solutions for your business - learn about our offerings","_seopress_titles_desc":"Our offer is a comprehensive solution for your business. We offer technologies and services that will help you achieve better results. ","_seopress_robots_index":"","inline_featured_image":false,"footnotes":""},"class_list":["post-61713","page","type-page","status-publish","hentry"],"acf":[],"publishpress_future_action":{"enabled":false,"date":"2026-04-30 18:52:28","action":"change-status","newStatus":"draft","terms":[],"taxonomy":"translation_priority","extraData":[]},"publishpress_future_workflow_manual_trigger":{"enabledWorkflows":[]},"_links":{"self":[{"href":"https:\/\/pimot.lukasiewicz.gov.pl\/en\/wp-json\/wp\/v2\/pages\/61713","targetHints":{"allow":["GET"]}}],"collection":[{"href":"https:\/\/pimot.lukasiewicz.gov.pl\/en\/wp-json\/wp\/v2\/pages"}],"about":[{"href":"https:\/\/pimot.lukasiewicz.gov.pl\/en\/wp-json\/wp\/v2\/types\/page"}],"author":[{"embeddable":true,"href":"https:\/\/pimot.lukasiewicz.gov.pl\/en\/wp-json\/wp\/v2\/users\/21"}],"replies":[{"embeddable":true,"href":"https:\/\/pimot.lukasiewicz.gov.pl\/en\/wp-json\/wp\/v2\/comments?post=61713"}],"version-history":[{"count":5,"href":"https:\/\/pimot.lukasiewicz.gov.pl\/en\/wp-json\/wp\/v2\/pages\/61713\/revisions"}],"predecessor-version":[{"id":61719,"href":"https:\/\/pimot.lukasiewicz.gov.pl\/en\/wp-json\/wp\/v2\/pages\/61713\/revisions\/61719"}],"wp:attachment":[{"href":"https:\/\/pimot.lukasiewicz.gov.pl\/en\/wp-json\/wp\/v2\/media?parent=61713"}],"curies":[{"name":"wp","href":"https:\/\/api.w.org\/{rel}","templated":true}]}}