{"id":61669,"date":"2026-03-11T15:10:50","date_gmt":"2026-03-11T14:10:50","guid":{"rendered":"https:\/\/pimot.lukasiewicz.gov.pl\/the-scope-of-laboratory-activities-of-the-laboratory-complex\/"},"modified":"2026-04-23T11:14:25","modified_gmt":"2026-04-23T09:14:25","slug":"the-scope-of-laboratory-activities-of-the-laboratory-complex","status":"publish","type":"page","link":"https:\/\/pimot.lukasiewicz.gov.pl\/en\/the-scope-of-laboratory-activities-of-the-laboratory-complex\/","title":{"rendered":"The scope of laboratory activities of the Laboratory Complex"},"content":{"rendered":"\t\t<div data-elementor-type=\"wp-page\" data-elementor-id=\"61669\" class=\"elementor elementor-61669 elementor-60011\" data-elementor-post-type=\"page\">\n\t\t\t\t<div class=\"elementor-element elementor-element-383b82b e-flex e-con-boxed e-con e-parent\" data-id=\"383b82b\" data-element_type=\"container\" data-e-type=\"container\">\n\t\t\t\t\t<div class=\"e-con-inner\">\n\t\t<div class=\"elementor-element elementor-element-5528161 e-con-full e-flex e-con e-child\" data-id=\"5528161\" data-element_type=\"container\" data-e-type=\"container\" data-settings=\"{&quot;background_background&quot;:&quot;classic&quot;}\">\n\t\t\t\t<div class=\"elementor-element elementor-element-0fcf009 elementor-widget__width-inherit elementor-widget elementor-widget-theme-post-title elementor-page-title elementor-widget-heading\" data-id=\"0fcf009\" data-element_type=\"widget\" data-e-type=\"widget\" data-widget_type=\"theme-post-title.default\">\n\t\t\t\t<div class=\"elementor-widget-container\">\n\t\t\t\t\t<h1 class=\"elementor-heading-title elementor-size-default\">The scope of laboratory activities of the Laboratory Complex<\/h1>\t\t\t\t<\/div>\n\t\t\t\t<\/div>\n\t\t\t\t<\/div>\n\t\t\t\t\t<\/div>\n\t\t\t\t<\/div>\n\t\t<div class=\"elementor-element elementor-element-516d2db e-flex e-con-boxed e-con e-parent\" data-id=\"516d2db\" data-element_type=\"container\" data-e-type=\"container\">\n\t\t\t\t\t<div class=\"e-con-inner\">\n\t\t<div class=\"elementor-element elementor-element-6e7abc3 white-box-cut e-con-full e-flex e-con e-child\" data-id=\"6e7abc3\" data-element_type=\"container\" data-e-type=\"container\" data-settings=\"{&quot;background_background&quot;:&quot;classic&quot;}\">\n\t\t\t\t<div class=\"elementor-element elementor-element-ff073aa elementor-widget elementor-widget-text-editor\" data-id=\"ff073aa\" data-element_type=\"widget\" data-e-type=\"widget\" data-widget_type=\"text-editor.default\">\n\t\t\t\t<div class=\"elementor-widget-container\">\n\t\t\t\t\t\t\t\t\t<p>The scope of laboratory activities of the Laboratory Complex (BLB, BLE, BLP, BLY, BLN), for which the requirements of PN-EN ISO\/IEC 17025:2018-02 are met.<\/p><p><strong>Activities accredited in accordance with the scope of PCA accreditation No. AB 082 (link) and OiB No. 23\/MON\/2024 (link)<\/strong><\/p><p><br><strong>Non-accredited activity:<\/strong><\/p>\t\t\t\t\t\t\t\t<\/div>\n\t\t\t\t<\/div>\n\t\t\t\t<\/div>\n\t\t\t\t\t<\/div>\n\t\t\t\t<\/div>\n\t\t<div class=\"elementor-element elementor-element-5661559 e-flex e-con-boxed e-con e-parent\" data-id=\"5661559\" data-element_type=\"container\" data-e-type=\"container\">\n\t\t\t\t\t<div class=\"e-con-inner\">\n\t\t\t\t<div class=\"elementor-element elementor-element-29441c2 elementor-widget__width-initial elementor-widget elementor-widget-html\" data-id=\"29441c2\" data-element_type=\"widget\" data-e-type=\"widget\" data-widget_type=\"html.default\">\n\t\t\t\t<div class=\"elementor-widget-container\">\n\t\t\t\t\t<style>.lab-modern{\r\n  width:100%;\r\n  border-collapse:collapse;\r\n  table-layout:fixed;\r\n  font-family:\"Segoe UI\", Arial, sans-serif;\r\n  font-size:15px;\r\n  color:#111;\r\n}\r\n\r\n.lab-modern th,\r\n.lab-modern td{\r\n  border:1px solid #d9d9d9;\r\n  vertical-align:top;\r\n  box-sizing:border-box;\r\n}\r\n\r\n.lab-modern th{\r\n  background:#00d400;\r\n  color:#fff;\r\n  padding:16px 22px;\r\n  text-align:left;\r\n  font-weight:700;\r\n  font-size:16px;\r\n  line-height:1.35;\r\n  white-space:normal;\r\n  word-break:normal;\r\n  overflow-wrap:anywhere;\r\n  hyphens:auto;\r\n}\r\n\r\n.lab-modern td{\r\n  padding:20px 18px;\r\n  line-height:1.65;\r\n  white-space:normal;\r\n  word-break:normal;\r\n  overflow-wrap:anywhere;\r\n  hyphens:auto;\r\n  background:#f3f3f3;\r\n}\r\n\r\n.lab-modern ul{\r\n  margin:10px 0 0 18px;\r\n  padding:0;\r\n}\r\n\r\n.lab-modern li{\r\n  margin:0 0 8px 0;\r\n}\r\n\r\n.lab-modern .lab-section td{\r\n  background:#ececec;\r\n  font-weight:700;\r\n  font-size:18px;\r\n  text-align:left;\r\n  padding:18px;\r\n}\r\n\r\n.lab-modern td:nth-child(1),\r\n.lab-modern th:nth-child(1){\r\n  width:28%;\r\n}\r\n\r\n.lab-modern td:nth-child(2),\r\n.lab-modern th:nth-child(2){\r\n  width:46%;\r\n}\r\n\r\n.lab-modern td:nth-child(3),\r\n.lab-modern th:nth-child(3){\r\n  width:26%;\r\n}\r\n<\/style><table class=\"lab-modern\"><tr><th style=\"width:30%\">Przedmiot bada\u0144\/ wyr\u00f3b\/(grupa wyrob\u00f3w w przypadku akredytacji OiB)<\/th><th style=\"width:45%\">Badane cechy \/ metoda<\/th><th style=\"width:25%\">Dokument odniesienia<\/th><\/tr><tr class=\"lab-section\"><td colspan=\"3\">Laboratorium Bezpiecze\u0144stwa Pojazd\u00f3w (BLB)<\/td><\/tr><tr><td><strong>Pojazdy w zakresie ich niezb\u0119dnego wyposa\u017cenia<\/strong><\/td><td>Pomiar masy, ocena wprowadzonych zmian:\r\n\r\n<ul><li>typ, liczba, wymiary oraz rozmieszczenie siedze\u0144<\/li><li>spos\u00f3b mocowania siedze\u0144 do pojazdu w tym rodzaj zastosowanych wzmocnie\u0144 podpod\u0142ogowych (o ile wyst\u0119puj\u0105);<\/li><li>rozmieszczenie i wykonanie punkt\u00f3w kotwiczenia pas\u00f3w<\/li><li>rodzaj oraz spos\u00f3b monta\u017cu zastosowanych pas\u00f3w bezpiecze\u0144stwa<\/li><li>spos\u00f3b wykonania element\u00f3w przegrody trwa\u0142ej (o ile wyst\u0119puje) oraz ilo\u015bci i rodzaju element\u00f3w \u0142\u0105cz\u0105cych j\u0105 w nadwoziem badanego pojazdu<\/li><li> liczba, wykonanie oraz rozmieszczenie element\u00f3w do mocowania \u0142adunku (je\u015bli dotyczy)<\/li><li>liczba, wykonanie oraz rozmieszczenie stanowisk do przewozu os\u00f3b niepe\u0142nosprawnych na w\u00f3zkach (je\u015bli dotyczy)<\/li><\/ul><\/td><td class=\"lab-doc\">Rozporz\u0105dzenie MiB z 31.12.2002<br\/>Dz.U. 2016 poz. 2022\r\n<\/td><\/tr><tr><td><strong>Pokrowce na siedzenia samochodowe<\/strong><\/td><td><ul><li>Kszta\u0142t i konstrukcja pokrowca<\/li><li>Oznakowanie<\/li><li>Czas otwarcia poduszki gazowej<\/li><li>Wytrzyma\u0142o\u015b\u0107 szwu (wytrzyma\u0142o\u015b\u0107 na rozci\u0105ganie<\/li><\/ul><\/td><td class=\"lab-doc\">WT\/108\/PIMOT\/16\r\n<\/td><\/tr><tr class=\"lab-section\"><td colspan=\"3\">Laboratorium Elektroniki i Akustyki (BLE)<\/td><\/tr><tr><td rowspan=\"11\"><strong>Urz\u0105dzenia elektryczne \/ elektroniczne oraz pojazdy<\/strong><\/td><td>Odporno\u015b\u0107 na promieniowanie elektromagnetyczne<br\/>Zakres: 100 kHz \u2013 1 GHz<br\/>Metoda: BCI<\/td><td>ISO 11451-4:2013<br\/>ISO 11452-4:2011<br\/>ISO 11451-4:2022<br\/>ISO 11452-4:2020<\/td><\/tr><tr><td>Emisje przewodzone indukowane przez pole o cz\u0119stotliwo\u015bci radiowej w przewodach pr\u0105du przemiennego lub sta\u0142ego<br\/>(zakres: 0,15 do 30 MHz)<\/td><td>TL 81000<br\/>PN-EN 55025:2022-09<\/td><\/tr><tr><td>Odporno\u015b\u0107 na zaburzenia elektryczne pochodz\u0105ce od wy\u0142adowa\u0144 elektrostatycznych<br\/>(zakres: 1 kV \u2013 30 kV)<br\/>Metoda: badania stanowiskowe za pomoc\u0105 generatora ESD (tryb: kontaktowy i powietrzny)<\/td><td>ISO 10605:2023<\/td><\/tr><tr><td>Badanie odporno\u015bci na nara\u017cenia elektromagnetyczne sinusoidalne przewodzone w obwodach zasilania<br\/>Zakres: 30 Hz \u00f7 150 kHz<\/td><td>MIL-STD-461G (CS-101)<\/td><\/tr><tr><td>Badanie odporno\u015bci na oddzia\u0142ywanie pola elektrycznego o przebiegu sinusoidalnym<br\/>Zakres: 20 MHz \u00f7 18 GHz<\/td><td>MIL-STD-461G (RS-103)<\/td><\/tr><tr><td>Badanie odporno\u015bci na zaburzenia przewodzone w kablach sygna\u0142owych i kablach zasilania, w postaci ci\u0105gu impuls\u00f3w quasi-prostok\u0105tnych<\/td><td>MIL-STD-461G (CS-115)<\/td><\/tr><tr><td>Badanie odporno\u015bci na zaburzenia przewodzone w przewodach zasilania i sygna\u0142owych, w postaci fali sinusoidalnej t\u0142umionej wyk\u0142adniczo<br\/>Zakres: 10 kHz \u00f7 100 MHz<\/td><td>MIL-STD-461G (CS-116)<\/td><\/tr><tr><td>Badanie odporno\u015bci na zaburzenia sinusoidalne przewodzone we wszystkich kablach zasilania i sygna\u0142owych<br\/>Zakres: 10 kHz \u00f7 200 MHz<\/td><td>MIL-STD-461G (CS-114)<\/td><\/tr><tr><td>Pomiar poziomu emisji zaburze\u0144 elektromagnetycznych promieniowanych (pole elektryczne)<br\/>Zakres: 10 kHz \u00f7 18 GHz<\/td><td>MIL-STD-461G (RE-102)<\/td><\/tr><tr><td>Pomiar poziomu emisji zaburze\u0144 elektromagnetycznych przewodzonych w przewodach zasilania<br\/>Zakres: 10 kHz \u00f7 10 MHz<\/td><td>MIL-STD-461G (CE-102)<\/td><\/tr><tr><td>Odporno\u015b\u0107 na zaburzenia elektryczne pochodz\u0105ce od wy\u0142adowa\u0144 elektrostatycznych<br\/>(zakres: od 2 kV do 15 kV z krokiem co 100V)<\/td><td>MIL-STD-461G (CS-118)<\/td><\/tr><tr class=\"lab-section\"><td colspan=\"3\">Laboratorium Bada\u0144 Pojazd\u00f3w (BLP)<\/td><\/tr><tr><td><strong>Pojazdy kategorii M, N<\/strong><\/td><td>Rezerwa masy<br\/>Minimalna liczba pasa\u017cer\u00f3w\r\n<\/td><td class=\"lab-doc\">PN-EN 1789:2021-02 pkt. 4.3.3, 4.4.12\r\n<\/td><\/tr><tr class=\"lab-section\"><td colspan=\"3\">Laboratorium Bada\u0144 Symulacyjnych (BLY)<\/td><\/tr><tr><td><strong>Urz\u0105dzenia sprz\u0119gaj\u0105ce<\/strong><\/td><td>Instalacja i specjalne wymogi\r\n<\/td><td class=\"lab-doc\">Regulamin ONZ nr 55\r\n<\/td><\/tr><tr><td><strong>Urz\u0105dzenia sprz\u0119gaj\u0105ce<\/strong><\/td><td>Wymagania og\u00f3lne<br\/><\/td><td class=\"lab-doc\">Regulamin ONZ nr 147\r\n<\/td><\/tr><tr><td><strong>Resory pneumatyczne\r\ni ich membrany<\/strong><\/td><td>Wymagania og\u00f3lne:\r\n<ul><li>sprawdzenie wygl\u0105du zewn\u0119trznego powierzchni zespo\u0142\u00f3w resoru pneumatycznego<li>sprawdzenie wygl\u0105du powierzchni zewn\u0119trznej membrany\r\n<li>sprawdzenie cechowania\r\n  <\/ul><\/td><td class=\"lab-doc\">WT\/001\/PIMOT\/12\r\n<\/td><\/tr><tr><td><strong>Urz\u0105dzenia\r\ndo holowaniay<\/strong><\/td><td>Wymagania og\u00f3lne:\r\n<ul><li>wygl\u0105d powierzchni zewn\u0119trznych<li>cechowanie\r\n<li>monta\u017c\r\n   <\/ul><\/td><td class=\"lab-doc\">WT\/009\/PIMOT\/24\r\n<\/td><\/tr><tr><td><strong>Urz\u0105dzenia\r\ndo holowaniay<\/strong><\/td><td>Wymiary<br\/>Wytrzyma\u0142o\u015b\u0107 na obci\u0105\u017cenia statyczne<br\/>Wytrzyma\u0142o\u015b\u0107 na obci\u0105\u017cenia dynamiczne\r\n(metoda bezpo\u015bredniego pomiaru parametr\u00f3w przy zadawaniu obci\u0105\u017ce\u0144 na stanowiskach elektrohydraulicznych)\r\n<ul>Zakres:\r\n    \r\n<li>si\u0142a do 500 kN<li>wymiary liniowe 0\u00f75000 mm\r\n<li>wymiary k\u0105towe 0\u00f7360 \u00ba\r\n<\/ul><\/td><td class=\"lab-doc\">WT\/009\/PIMOT\/24\r\n<\/td><tr><td><strong> <ul><li>Czo\u0142gi, pojazdy\r\ni samochody specjalne do zastosowa\u0144 wojskowych\r\ni policyjnych<\/li><li> Agregaty pr\u0105dotw\u00f3rcze, kontenerowe i mobilne zespo\u0142y spalinowo-elektryczne<\/li><li> Kontenery specjalistyczne rodzaj\u00f3w wojsk\r\nRoboty in\u017cynieryjne<\/li><li>Sprz\u0119t i urz\u0105dzenia radiowe, radioliniowe, radiotelefoniczne<\/li><li> Zestawy o\u015bwietleniowe<\/li><\/ul><\/strong><\/td><td>Wymiary<br\/>Wytrzyma\u0142o\u015b\u0107 na obci\u0105\u017cenia statyczne<br\/>Wytrzyma\u0142o\u015b\u0107 na obci\u0105\u017cenia dynamiczne\r\n<ul>Zakres:\r\n<li>si\u0142a do 500 kN<li>przemieszcze\u0144 do 150 mm\r\n<li>cz\u0119stotliwo\u015bci do 100 Hz\r\n<\/ul><\/td><td class=\"lab-doc\">PN-ISO 5422:1994\r\nRegulamin EKG ONZ Nr 55<br>Rozporz\u0105dzenie Wykonawcze Komisji<br>(UE) 2021\/535 Za\u0142\u0105cznik VII cz. II<br><\/td><\/tr><tr class=\"lab-section\"><td colspan=\"3\">Laboratorium Analityczne (BLN)<\/td><\/tr><tr><td><strong>Paliwa ciek\u0142e:<\/strong><ul class=\"lab-list\"><li>olej nap\u0119dowy<\/li><li>olej opa\u0142owy<\/li><li>biopaliwa ciek\u0142e: olej nap\u0119dowy z FAME, estry metylowe kwas\u00f3w t\u0142uszczowych (FAME)<\/li><\/ul><strong>Materia\u0142y smarne:<\/strong><ul class=\"lab-list\"><li>oleje silnikowe<\/li><li>przemys\u0142owe oleje smarowe<\/li><li>oleje przepracowane<\/li><\/ul><\/td><td>Lepko\u015b\u0107 kinematyczna<br\/>w temperaturze 40\u00b0C<br\/>Zakres: (1,000 \u00f7 200,0) mm2\/s<br\/>Metoda kapilarna\r\n\r\n\r\n<td class=\"lab-doc\">PN-EN ISO 3104:2024-01<br\/>(Procedura A)\r\n\r\n\r\n<tr><td><strong>Paliwa ciek\u0142e: <\/strong><ul class=\"lab-list\"><li>biopaliwa ciek\u0142e: estry metylowe kwas\u00f3w t\u0142uszczowych (FAME)<\/li><\/ul><td>Temperatura zap\u0142onu\r\n\r\n<div> <\/div>Zakres: (50 \u00f7 300)\u00b0C\r\n\r\n<div> <\/div>Metoda r\u00f3wnowagowa w tyglu zamkni\u0119tym<br\/><\/td><td class=\"lab-doc\">PN-EN ISO 3679:2023-05\r\n<\/td><\/tr><tr><td><strong>Paliwa ciek\u0142e:<\/strong><ul class=\"lab-list\"><li>olej nap\u0119dowy<\/li><li>biopaliwa ciek\u0142e: olej nap\u0119dowy\r\nz FAME, estry metylowe kwas\u00f3w t\u0142uszczowych (FAME)<\/li><\/ul><\/td><td>Tendencja do blokowania filtru <br\/> \r\n\r\nZakres: powy\u017cej 1,0 <br\/>Metoda filtracji ci\u015bnieniowej\r\n<\/td><td class=\"lab-doc\">ASTM D 2068-24<br\/>Procedura A i B\r\n<\/td><\/tr><\/table>\t\t\t\t<\/div>\n\t\t\t\t<\/div>\n\t\t\t\t\t<\/div>\n\t\t\t\t<\/div>\n\t\t\t\t<\/div>\n\t\t","protected":false},"excerpt":{"rendered":"<p>The scope of laboratory activities of the Laboratory Complex (BLB, BLE, BLP, BLY, BLN), for which the requirements of PN-EN ISO\/IEC 17025:2018-02 are met. Activities accredited in accordance with the scope of PCA accreditation No. AB 082 (link) and OiB No. 23\/MON\/2024 (link) Non-accredited activity: Przedmiot bada\u0144\/ wyr\u00f3b\/(grupa wyrob\u00f3w w przypadku akredytacji OiB) Badane cechy [&hellip;]<\/p>\n","protected":false},"author":344,"featured_media":0,"parent":0,"menu_order":0,"comment_status":"closed","ping_status":"closed","template":"","meta":{"_acf_changed":false,"_seopress_robots_primary_cat":"","_seopress_titles_title":"Innovative approach at Lukasiewicz - Warsaw Institute of Technology - get to know us today!","_seopress_titles_desc":"Explore our website and learn more about our products and services. We are a leader in our industry and always focus on an innovative approach to business.","_seopress_robots_index":"","inline_featured_image":false,"footnotes":""},"class_list":["post-61669","page","type-page","status-publish","hentry"],"acf":[],"publishpress_future_action":{"enabled":false,"date":"2026-04-30 16:09:47","action":"change-status","newStatus":"draft","terms":[],"taxonomy":"translation_priority","extraData":[]},"publishpress_future_workflow_manual_trigger":{"enabledWorkflows":[]},"_links":{"self":[{"href":"https:\/\/pimot.lukasiewicz.gov.pl\/en\/wp-json\/wp\/v2\/pages\/61669","targetHints":{"allow":["GET"]}}],"collection":[{"href":"https:\/\/pimot.lukasiewicz.gov.pl\/en\/wp-json\/wp\/v2\/pages"}],"about":[{"href":"https:\/\/pimot.lukasiewicz.gov.pl\/en\/wp-json\/wp\/v2\/types\/page"}],"author":[{"embeddable":true,"href":"https:\/\/pimot.lukasiewicz.gov.pl\/en\/wp-json\/wp\/v2\/users\/344"}],"replies":[{"embeddable":true,"href":"https:\/\/pimot.lukasiewicz.gov.pl\/en\/wp-json\/wp\/v2\/comments?post=61669"}],"version-history":[{"count":1,"href":"https:\/\/pimot.lukasiewicz.gov.pl\/en\/wp-json\/wp\/v2\/pages\/61669\/revisions"}],"predecessor-version":[{"id":61670,"href":"https:\/\/pimot.lukasiewicz.gov.pl\/en\/wp-json\/wp\/v2\/pages\/61669\/revisions\/61670"}],"wp:attachment":[{"href":"https:\/\/pimot.lukasiewicz.gov.pl\/en\/wp-json\/wp\/v2\/media?parent=61669"}],"curies":[{"name":"wp","href":"https:\/\/api.w.org\/{rel}","templated":true}]}}